{"id":7,"date":"2021-09-08T15:14:00","date_gmt":"2021-09-08T13:14:00","guid":{"rendered":"http:\/\/tigertryk.dk\/?page_id=7"},"modified":"2021-09-08T15:14:00","modified_gmt":"2021-09-08T13:14:00","slug":"kontakt","status":"publish","type":"page","link":"https:\/\/tigertryk.dk\/index.php\/kontakt\/","title":{"rendered":"Kontakt"},"content":{"rendered":"\n<p>Dette er en side med basale kontaktinformationer, s\u00e5som adresse og telefonnummer. Du kan ogs\u00e5 pr\u00f8ve at tilf\u00f8je en kontaktformular her med et plugin.<\/p>\n","protected":false},"excerpt":{"rendered":"<p>Dette er en side med basale kontaktinformationer, s\u00e5som adresse og telefonnummer. Du kan ogs\u00e5 pr\u00f8ve at tilf\u00f8je en kontaktformular her med et plugin.<\/p>\n","protected":false},"author":1,"featured_media":0,"parent":0,"menu_order":0,"comment_status":"closed","ping_status":"closed","template":"","meta":{"footnotes":""},"class_list":["post-7","page","type-page","status-publish","hentry","entry"],"_links":{"self":[{"href":"https:\/\/tigertryk.dk\/index.php\/wp-json\/wp\/v2\/pages\/7","targetHints":{"allow":["GET"]}}],"collection":[{"href":"https:\/\/tigertryk.dk\/index.php\/wp-json\/wp\/v2\/pages"}],"about":[{"href":"https:\/\/tigertryk.dk\/index.php\/wp-json\/wp\/v2\/types\/page"}],"author":[{"embeddable":true,"href":"https:\/\/tigertryk.dk\/index.php\/wp-json\/wp\/v2\/users\/1"}],"replies":[{"embeddable":true,"href":"https:\/\/tigertryk.dk\/index.php\/wp-json\/wp\/v2\/comments?post=7"}],"version-history":[{"count":1,"href":"https:\/\/tigertryk.dk\/index.php\/wp-json\/wp\/v2\/pages\/7\/revisions"}],"predecessor-version":[{"id":12,"href":"https:\/\/tigertryk.dk\/index.php\/wp-json\/wp\/v2\/pages\/7\/revisions\/12"}],"wp:attachment":[{"href":"https:\/\/tigertryk.dk\/index.php\/wp-json\/wp\/v2\/media?parent=7"}],"curies":[{"name":"wp","href":"https:\/\/api.w.org\/{rel}","templated":true}]}}