{"id":5,"date":"2021-09-08T15:14:00","date_gmt":"2021-09-08T13:14:00","guid":{"rendered":"http:\/\/tigertryk.dk\/?page_id=5"},"modified":"2021-09-09T15:35:14","modified_gmt":"2021-09-09T13:35:14","slug":"lav-dit-website-ved-hjaelp-af-blokke","status":"publish","type":"page","link":"https:\/\/tigertryk.dk\/","title":{"rendered":"Forside"},"content":{"rendered":"\n<h4 class=\"alignwide has-text-align-wide has-gigantic-font-size wp-block-heading\" style=\"line-height:1.1\">Velkommen til TigerTryk<\/h4>\n\n\n\n<p>TigerTryk er et forlag, der udgiver b\u00f8ger om spiritualitet og selvudvikling.<\/p>\n\n\n\n<p><strong>Adresse<\/strong><br>Vestervej 4a<br>8751 Gedved<br>Mail: info@tigertryk.dk<br>Telefon: 61354130<\/p>\n\n\n\n<h4 class=\"wp-block-heading\">Udgivelser<\/h4>\n\n\n\n<div class=\"wp-block-media-text alignwide is-stacked-on-mobile\" style=\"grid-template-columns:17% auto\"><figure class=\"wp-block-media-text__media\"><img loading=\"lazy\" decoding=\"async\" width=\"300\" height=\"405\" src=\"http:\/\/tigertryk.dk\/wp-content\/uploads\/2021\/09\/Power-tantra-salgsforside-EDIT-758x1024-1.png\" alt=\"\" class=\"wp-image-30 size-full\" srcset=\"https:\/\/tigertryk.dk\/wp-content\/uploads\/2021\/09\/Power-tantra-salgsforside-EDIT-758x1024-1.png 300w, https:\/\/tigertryk.dk\/wp-content\/uploads\/2021\/09\/Power-tantra-salgsforside-EDIT-758x1024-1-222x300.png 222w\" sizes=\"auto, (max-width: 300px) 100vw, 300px\" \/><\/figure><div class=\"wp-block-media-text__content\">\n<p class=\"has-large-font-size\"><strong>PowerTantra &#8211; Vejen til forening<\/strong><\/p>\n\n\n\n<p>Ny bog om tantra.<br>Forfattere: Thomas Lindvig og Astrid Lindvig.<br>1. udgave, 1. oplag, 2021<br>ISBN: 9788799786022<br>L\u00e6s mere og k\u00f8b: <a rel=\"noreferrer noopener\" href=\"https:\/\/powertantra.dk\" target=\"_blank\">Powertantra.dk<\/a><\/p>\n<\/div><\/div>\n\n\n\n<div class=\"wp-block-media-text alignwide is-stacked-on-mobile\" style=\"grid-template-columns:17% auto\"><figure class=\"wp-block-media-text__media\"><img loading=\"lazy\" decoding=\"async\" width=\"197\" height=\"278\" src=\"http:\/\/tigertryk.dk\/wp-content\/uploads\/2021\/09\/Lodret-menneske-i-en-vandret-verden_ny.jpg\" alt=\"\" class=\"wp-image-33 size-full\"\/><\/figure><div class=\"wp-block-media-text__content\">\n<p class=\"has-large-font-size\"><strong>Lodret Menneske i En Vandret Verden<\/strong><\/p>\n\n\n\n<p>Om at v\u00e6re et spirituelt menneske i den moderne verden.<br>Forfatter: Anne Sophie J\u00f8rgensen.<br>2. udgave, 2015<br>ISBN: 9788799786008<br>L\u00e6s mere og k\u00f8b: <a rel=\"noreferrer noopener\" href=\"https:\/\/www.tigerensrede.dk\/lodret-menneske\" target=\"_blank\">Tigerensrede.dk\/lodret-menneske<\/a><\/p>\n<\/div><\/div>\n\n\n\n<div class=\"wp-block-media-text alignwide is-stacked-on-mobile\" style=\"grid-template-columns:17% auto\"><figure class=\"wp-block-media-text__media\"><img loading=\"lazy\" decoding=\"async\" width=\"270\" height=\"394\" src=\"https:\/\/tigertryk.dk\/wp-content\/uploads\/2021\/09\/healing.png\" alt=\"\" class=\"wp-image-41 size-full\" srcset=\"https:\/\/tigertryk.dk\/wp-content\/uploads\/2021\/09\/healing.png 270w, https:\/\/tigertryk.dk\/wp-content\/uploads\/2021\/09\/healing-206x300.png 206w\" sizes=\"auto, (max-width: 270px) 100vw, 270px\" \/><\/figure><div class=\"wp-block-media-text__content\">\n<p class=\"has-large-font-size\"><strong>Healing &#8211; Energi, bevidsthed og selvudvikling<\/strong><\/p>\n\n\n\n<p>Banebrydende bog om healing og energisystemet.<br>Forfatter: Anne Sophie J\u00f8rgensen.<br>Ebog. Gratis download.<br>ISBN: 9788799786015<br>L\u00e6s mere og hent: <a href=\"https:\/\/www.tigerensrede.dk\/healing\" target=\"_blank\" rel=\"noreferrer noopener\">https:\/\/www.tigerensrede.dk\/healing<\/a> <\/p>\n<\/div><\/div>\n\n\n\n<p><\/p>\n","protected":false},"excerpt":{"rendered":"<p>Velkommen til TigerTryk TigerTryk er et forlag, der udgiver b\u00f8ger om spiritualitet og selvudvikling. AdresseVestervej 4a8751 GedvedMail: info@tigertryk.dkTelefon: 61354130 Udgivelser PowerTantra &#8211; Vejen til forening Ny bog om tantra.Forfattere: Thomas Lindvig og Astrid Lindvig.1. udgave, 1. oplag, 2021ISBN: 9788799786022L\u00e6s mere og k\u00f8b: Powertantra.dk Lodret Menneske i En Vandret Verden Om at v\u00e6re et spirituelt menneske &hellip; <\/p>\n<p class=\"link-more\"><a href=\"https:\/\/tigertryk.dk\/\" class=\"more-link\">L\u00e6s videre<span class=\"screen-reader-text\"> &#8220;Forside&#8221;<\/span><\/a><\/p>\n","protected":false},"author":1,"featured_media":0,"parent":0,"menu_order":0,"comment_status":"closed","ping_status":"closed","template":"","meta":{"footnotes":""},"class_list":["post-5","page","type-page","status-publish","hentry","entry"],"_links":{"self":[{"href":"https:\/\/tigertryk.dk\/index.php\/wp-json\/wp\/v2\/pages\/5","targetHints":{"allow":["GET"]}}],"collection":[{"href":"https:\/\/tigertryk.dk\/index.php\/wp-json\/wp\/v2\/pages"}],"about":[{"href":"https:\/\/tigertryk.dk\/index.php\/wp-json\/wp\/v2\/types\/page"}],"author":[{"embeddable":true,"href":"https:\/\/tigertryk.dk\/index.php\/wp-json\/wp\/v2\/users\/1"}],"replies":[{"embeddable":true,"href":"https:\/\/tigertryk.dk\/index.php\/wp-json\/wp\/v2\/comments?post=5"}],"version-history":[{"count":12,"href":"https:\/\/tigertryk.dk\/index.php\/wp-json\/wp\/v2\/pages\/5\/revisions"}],"predecessor-version":[{"id":42,"href":"https:\/\/tigertryk.dk\/index.php\/wp-json\/wp\/v2\/pages\/5\/revisions\/42"}],"wp:attachment":[{"href":"https:\/\/tigertryk.dk\/index.php\/wp-json\/wp\/v2\/media?parent=5"}],"curies":[{"name":"wp","href":"https:\/\/api.w.org\/{rel}","templated":true}]}}